{"id":108,"date":"2020-03-03T07:21:32","date_gmt":"2020-03-03T06:21:32","guid":{"rendered":"https:\/\/feliszkowanails.pl\/?page_id=108"},"modified":"2025-07-21T19:40:16","modified_gmt":"2025-07-21T17:40:16","slug":"cennik","status":"publish","type":"page","link":"https:\/\/feliszkowanails.pl\/?page_id=108","title":{"rendered":"Cennik"},"content":{"rendered":"\t\t<div data-elementor-type=\"wp-page\" data-elementor-id=\"108\" class=\"elementor elementor-108\">\n\t\t\t\t<div class=\"aux-parallax-section elementor-element elementor-element-3f3d853 e-flex e-con-boxed e-con e-parent\" data-id=\"3f3d853\" data-element_type=\"container\">\n\t\t\t\t\t<div class=\"e-con-inner\">\n\t\t<div class=\"elementor-element elementor-element-dcb5e6a e-con-full e-flex e-con e-child\" data-id=\"dcb5e6a\" data-element_type=\"container\" data-settings=\"{&quot;background_background&quot;:&quot;classic&quot;}\">\n\t\t\t\t<div class=\"elementor-element elementor-element-083d91d elementor-widget__width-auto aux-appear-watch-animation aux-fade-in elementor-widget elementor-widget-aux_simple_svg\" data-id=\"083d91d\" data-element_type=\"widget\" data-widget_type=\"aux_simple_svg.default\">\n\t\t\t\t<div class=\"elementor-widget-container\">\n\t\t\t\t\t    <div class=\"aux-widget-container aux-simple-svg-container\">\n        <div class=\"aux-widget-container-inner\">\n            <div class=\"aux-the-svg\"> <svg width=\"530\" height=\"922\">\n  <rect x=\"0\" y=\"0\" rx=\"0\" ry=\"0\" width=\"530\" height=\"922\" style=\"fill:#DCECFB;opacity:1\" \/>\n<\/svg> <\/div>\n        <\/div>\n    <\/div>\n    \t\t\t\t<\/div>\n\t\t\t\t<\/div>\n\t\t\t\t<div class=\"elementor-element elementor-element-caf9a43 aux-appear-watch-animation aux-fade-in-left elementor-widget elementor-widget-aux_image\" data-id=\"caf9a43\" data-element_type=\"widget\" data-widget_type=\"aux_image.default\">\n\t\t\t\t<div class=\"elementor-widget-container\">\n\t\t\t\t\t<section class=\"widget-container aux-widget-image aux-alignnone aux-parent-au0ca9daea\">\n    <div class=\"aux-media-hint-frame \">\n        <div class=\"aux-media-image \" >\n        \n            \n\n            \n            <img fetchpriority=\"high\" decoding=\"async\" width=\"802\" height=\"922\" src=\"https:\/\/feliszkowanails.pl\/wp-content\/uploads\/2020\/03\/beautiful-womans-hands-with-beautiful-nails-PF6Q55U.png\" class=\"aux-attachment aux-featured-image aux-attachment-id-68\" alt=\"demo-attachment-882-beautiful-womans-hands-with-beautiful-nails-PF6Q55U\" data-ratio=\"0.87\" data-original-w=\"802\" \/>            \n                <\/div>\n    <\/div>\n\n<\/section><!-- widget-container -->\t\t\t\t<\/div>\n\t\t\t\t<\/div>\n\t\t\t\t<\/div>\n\t\t<div class=\"elementor-element elementor-element-b95267f e-con-full e-flex e-con e-child\" data-id=\"b95267f\" data-element_type=\"container\">\n\t\t\t\t<div class=\"elementor-element elementor-element-1f21611 aux-appear-watch-animation aux-fade-in-right-2 elementor-widget elementor-widget-aux_modern_heading\" data-id=\"1f21611\" data-element_type=\"widget\" data-widget_type=\"aux_modern_heading.default\">\n\t\t\t\t<div class=\"elementor-widget-container\">\n\t\t\t\t\t<section class=\"aux-widget-modern-heading\">\n            <div class=\"aux-widget-inner\"><h2 class=\"aux-modern-heading-primary\">Cennik<\/h2><h3 class=\"aux-modern-heading-secondary\"><span class=\"aux-head-highlight\">Us\u0142ug<\/span><\/h3><\/div>\n        <\/section>\t\t\t\t<\/div>\n\t\t\t\t<\/div>\n\t\t<div class=\"elementor-element elementor-element-c86f7ad e-con-full e-flex e-con e-child\" data-id=\"c86f7ad\" data-element_type=\"container\">\n\t\t<div class=\"elementor-element elementor-element-eaa6687 e-con-full e-flex e-con e-child\" data-id=\"eaa6687\" data-element_type=\"container\">\n\t\t\t\t<div class=\"elementor-element elementor-element-f147c7a elementor-widget elementor-widget-aux_icon_list\" data-id=\"f147c7a\" data-element_type=\"widget\" data-widget_type=\"aux_icon_list.default\">\n\t\t\t\t<div class=\"elementor-widget-container\">\n\t\t\t\t\t<section class=\"widget-container aux-widget-icon-list aux-parent-auc625b56f\"><div class=\"widget-inner\"><div class=\"aux-widget-icon-list-inner\"><ul class=\"aux-icon-list-items aux-direction-default\"><li class=\"aux-icon-list-item aux-list-item-has-icon aux-icon-list-item-b89c2cd elementor-repeater-item-b89c2cd\"><span class=\"aux-icon-list-text\">pedicure<\/span><\/li><li class=\"aux-icon-list-item aux-list-item-has-icon aux-icon-list-item-fa7bb29 elementor-repeater-item-fa7bb29\"><i aria-hidden=\"true\" class=\"aux-icon-list-icon auxicon auxicon-primitive-dot\"><\/i><span class=\"aux-icon-list-text\">Hybryda<\/span><span class=\"aux-icon-list-text2\">110 z\u0142<\/span><\/li><li class=\"aux-icon-list-item aux-list-item-has-icon aux-icon-list-item-8e40d5a elementor-repeater-item-8e40d5a\"><i aria-hidden=\"true\" class=\"aux-icon-list-icon auxicon auxicon-primitive-dot\"><\/i><span class=\"aux-icon-list-text\">pedicure sobo<\/span><span class=\"aux-icon-list-text2\">110 z\u0142<\/span><\/li><li class=\"aux-icon-list-item aux-list-item-has-icon aux-icon-list-item-216d826 elementor-repeater-item-216d826\"><i aria-hidden=\"true\" class=\"aux-icon-list-icon auxicon auxicon-primitive-dot\"><\/i><span class=\"aux-icon-list-text\">pedicure + hybryda<\/span><span class=\"aux-icon-list-text2\">140 z\u0142<\/span><\/li><li class=\"aux-icon-list-item aux-list-item-has-icon aux-icon-list-item-afdd75d elementor-repeater-item-afdd75d\"><span class=\"aux-icon-list-text\">MANICURE<\/span><\/li><li class=\"aux-icon-list-item aux-list-item-has-icon aux-icon-list-item-0ea0b9a elementor-repeater-item-0ea0b9a\"><i aria-hidden=\"true\" class=\"aux-icon-list-icon auxicon auxicon-primitive-dot\"><\/i><span class=\"aux-icon-list-text\">hybryda<\/span><span class=\"aux-icon-list-text2\">110 z\u0142<\/span><\/li><li class=\"aux-icon-list-item aux-list-item-has-icon aux-icon-list-item-d19db1a elementor-repeater-item-d19db1a\"><i aria-hidden=\"true\" class=\"aux-icon-list-icon auxicon auxicon-primitive-dot\"><\/i><span class=\"aux-icon-list-text\">manicure klasyczny<\/span><span class=\"aux-icon-list-text2\">70 z\u0142<\/span><\/li><li class=\"aux-icon-list-item aux-list-item-has-icon aux-icon-list-item-8c8684c elementor-repeater-item-8c8684c\"><span class=\"aux-icon-list-text\">Przed\u0142u\u017canie \u017celowe<\/span><\/li><li class=\"aux-icon-list-item aux-list-item-has-icon aux-icon-list-item-574c9e1 elementor-repeater-item-574c9e1\"><i aria-hidden=\"true\" class=\"aux-icon-list-icon auxicon auxicon-primitive-dot\"><\/i><span class=\"aux-icon-list-text\">Paznokcie kr\u00f3tkie od 1 do 2<\/span><span class=\"aux-icon-list-text2\">150 z\u0142<\/span><\/li><li class=\"aux-icon-list-item aux-list-item-has-icon aux-icon-list-item-68f50e1 elementor-repeater-item-68f50e1\"><i aria-hidden=\"true\" class=\"aux-icon-list-icon auxicon auxicon-primitive-dot\"><\/i><span class=\"aux-icon-list-text\">Paznokcie \u015brednie od 3 do 4<\/span><span class=\"aux-icon-list-text2\">160 z\u0142<\/span><\/li><li class=\"aux-icon-list-item aux-list-item-has-icon aux-icon-list-item-48ce870 elementor-repeater-item-48ce870\"><i aria-hidden=\"true\" class=\"aux-icon-list-icon auxicon auxicon-primitive-dot\"><\/i><span class=\"aux-icon-list-text\">Paznokcie d\u0142ugie 5+<\/span><span class=\"aux-icon-list-text2\">170+ z\u0142<\/span><\/li><li class=\"aux-icon-list-item aux-list-item-has-icon aux-icon-list-item-835aa58 elementor-repeater-item-835aa58\"><span class=\"aux-icon-list-text\">uzupe\u0142nienie<\/span><\/li><li class=\"aux-icon-list-item aux-list-item-has-icon aux-icon-list-item-c9f8b47 elementor-repeater-item-c9f8b47\"><i aria-hidden=\"true\" class=\"aux-icon-list-icon auxicon auxicon-primitive-dot\"><\/i><span class=\"aux-icon-list-text\">Paznokcie kr\u00f3tkie od 1 do 2<\/span><span class=\"aux-icon-list-text2\">140 z\u0142<\/span><\/li><li class=\"aux-icon-list-item aux-list-item-has-icon aux-icon-list-item-936b032 elementor-repeater-item-936b032\"><i aria-hidden=\"true\" class=\"aux-icon-list-icon auxicon auxicon-primitive-dot\"><\/i><span class=\"aux-icon-list-text\">Paznokcie \u015brednie od 3 do 4<\/span><span class=\"aux-icon-list-text2\">150 z\u0142<\/span><\/li><li class=\"aux-icon-list-item aux-list-item-has-icon aux-icon-list-item-174401f elementor-repeater-item-174401f\"><i aria-hidden=\"true\" class=\"aux-icon-list-icon auxicon auxicon-primitive-dot\"><\/i><span class=\"aux-icon-list-text\">Paznokcie d\u0142ugie 5+<\/span><span class=\"aux-icon-list-text2\">160+ z\u0142<\/span><\/li><li class=\"aux-icon-list-item aux-list-item-has-icon aux-icon-list-item-10e8a60 elementor-repeater-item-10e8a60\"><span class=\"aux-icon-list-text\">zdobienia<\/span><\/li><li class=\"aux-icon-list-item aux-list-item-has-icon aux-icon-list-item-b7d915f elementor-repeater-item-b7d915f\"><i aria-hidden=\"true\" class=\"aux-icon-list-icon auxicon auxicon-primitive-dot\"><\/i><span class=\"aux-icon-list-text\">french<\/span><span class=\"aux-icon-list-text2\">10 z\u0142<\/span><\/li><li class=\"aux-icon-list-item aux-list-item-has-icon aux-icon-list-item-577a1de elementor-repeater-item-577a1de\"><i aria-hidden=\"true\" class=\"aux-icon-list-icon auxicon auxicon-primitive-dot\"><\/i><span class=\"aux-icon-list-text\">ombre<\/span><span class=\"aux-icon-list-text2\">20 z\u0142<\/span><\/li><li class=\"aux-icon-list-item aux-list-item-has-icon aux-icon-list-item-d305446 elementor-repeater-item-d305446\"><i aria-hidden=\"true\" class=\"aux-icon-list-icon auxicon auxicon-primitive-dot\"><\/i><span class=\"aux-icon-list-text\">cyrkonie\/ozdoby 3d<\/span><span class=\"aux-icon-list-text2\">10 z\u0142<\/span><\/li><li class=\"aux-icon-list-item aux-list-item-has-icon aux-icon-list-item-a7c5b7c elementor-repeater-item-a7c5b7c\"><span class=\"aux-icon-list-text\">french konstrukcyjny<\/span><\/li><li class=\"aux-icon-list-item aux-list-item-has-icon aux-icon-list-item-683188d elementor-repeater-item-683188d\"><i aria-hidden=\"true\" class=\"aux-icon-list-icon auxicon auxicon-primitive-dot\"><\/i><span class=\"aux-icon-list-text\">klasyczny migda\u0142\/kwadrat<\/span><span class=\"aux-icon-list-text2\">100+ z\u0142<\/span><\/li><li class=\"aux-icon-list-item aux-list-item-has-icon aux-icon-list-item-91e82cb elementor-repeater-item-91e82cb\"><i aria-hidden=\"true\" class=\"aux-icon-list-icon auxicon auxicon-primitive-dot\"><\/i><span class=\"aux-icon-list-text\">migda\u0142 rosyjski<\/span><span class=\"aux-icon-list-text2\">110+ z\u0142<\/span><\/li><\/ul><\/div><\/div><\/section><!-- widget-container -->\t\t\t\t<\/div>\n\t\t\t\t<\/div>\n\t\t\t\t<\/div>\n\t\t\t\t<\/div>\n\t\t\t\t<\/div>\n\t\t\t\t\t<\/div>\n\t\t\t\t<\/div>\n\t\t\t\t<\/div>\n\t\t","protected":false},"excerpt":{"rendered":"<p>Cennik Us\u0142ug pedicure Hybryda110 z\u0142 pedicure sobo110 z\u0142 pedicure + hybryda140 z\u0142 MANICURE hybryda110 z\u0142 manicure klasyczny70 z\u0142 Przed\u0142u\u017canie \u017celowe Paznokcie kr\u00f3tkie od 1 do 2150 z\u0142 Paznokcie \u015brednie od 3 do 4160 z\u0142 Paznokcie d\u0142ugie 5+170+ z\u0142 uzupe\u0142nienie Paznokcie kr\u00f3tkie od 1 do 2140 z\u0142 Paznokcie \u015brednie od 3 do 4150 z\u0142 Paznokcie d\u0142ugie [&hellip;]<\/p>\n","protected":false},"author":1,"featured_media":0,"parent":0,"menu_order":0,"comment_status":"closed","ping_status":"closed","template":"templates\/page-builder-content.php","meta":{"footnotes":""},"class_list":["post-108","page","type-page","status-publish","hentry"],"_links":{"self":[{"href":"https:\/\/feliszkowanails.pl\/index.php?rest_route=\/wp\/v2\/pages\/108","targetHints":{"allow":["GET"]}}],"collection":[{"href":"https:\/\/feliszkowanails.pl\/index.php?rest_route=\/wp\/v2\/pages"}],"about":[{"href":"https:\/\/feliszkowanails.pl\/index.php?rest_route=\/wp\/v2\/types\/page"}],"author":[{"embeddable":true,"href":"https:\/\/feliszkowanails.pl\/index.php?rest_route=\/wp\/v2\/users\/1"}],"replies":[{"embeddable":true,"href":"https:\/\/feliszkowanails.pl\/index.php?rest_route=%2Fwp%2Fv2%2Fcomments&post=108"}],"version-history":[{"count":28,"href":"https:\/\/feliszkowanails.pl\/index.php?rest_route=\/wp\/v2\/pages\/108\/revisions"}],"predecessor-version":[{"id":196,"href":"https:\/\/feliszkowanails.pl\/index.php?rest_route=\/wp\/v2\/pages\/108\/revisions\/196"}],"wp:attachment":[{"href":"https:\/\/feliszkowanails.pl\/index.php?rest_route=%2Fwp%2Fv2%2Fmedia&parent=108"}],"curies":[{"name":"wp","href":"https:\/\/api.w.org\/{rel}","templated":true}]}}