{"id":109,"date":"2020-03-03T07:18:17","date_gmt":"2020-03-03T06:18:17","guid":{"rendered":"https:\/\/feliszkowanails.pl\/?page_id=109"},"modified":"2025-07-29T23:07:13","modified_gmt":"2025-07-29T21:07:13","slug":"home","status":"publish","type":"page","link":"https:\/\/feliszkowanails.pl\/","title":{"rendered":"Home"},"content":{"rendered":"\t\t<div data-elementor-type=\"wp-page\" data-elementor-id=\"109\" class=\"elementor elementor-109\">\n\t\t\t\t<div class=\"aux-parallax-section elementor-element elementor-element-acd8c13 e-flex e-con-boxed e-con e-parent\" data-id=\"acd8c13\" data-element_type=\"container\">\n\t\t\t\t\t<div class=\"e-con-inner\">\n\t\t<div class=\"elementor-element elementor-element-cd9f915 e-con-full e-flex e-con e-child\" data-id=\"cd9f915\" data-element_type=\"container\" data-settings=\"{&quot;background_background&quot;:&quot;classic&quot;}\">\n\t\t\t\t<div class=\"elementor-element elementor-element-c233328 aux-appear-watch-animation aux-fade-in-right-2 elementor-widget elementor-widget-aux_modern_heading\" data-id=\"c233328\" data-element_type=\"widget\" data-widget_type=\"aux_modern_heading.default\">\n\t\t\t\t<div class=\"elementor-widget-container\">\n\t\t\t\t\t<section class=\"aux-widget-modern-heading\">\n            <div class=\"aux-widget-inner\"><h2 class=\"aux-modern-heading-primary\">Um\u00f3w si\u0119 <\/h2><h2 class=\"aux-modern-heading-secondary\"><span class=\"aux-head-highlight\">Na wymarzone paznokcie<\/span><\/h2><\/div>\n        <\/section>\t\t\t\t<\/div>\n\t\t\t\t<\/div>\n\t\t\t\t<div class=\"elementor-element elementor-element-a2382fe elementor-widget__width-auto aux-appear-watch-animation aux-fade-in-up elementor-widget elementor-widget-aux_modern_button\" data-id=\"a2382fe\" data-element_type=\"widget\" data-widget_type=\"aux_modern_button.default\">\n\t\t\t\t<div class=\"elementor-widget-container\">\n\t\t\t\t\t    <div class=\"aux-modern-button-wrapper aux-modern-button-align-left\" >\n                    <a class=\"aux-modern-button aux-black aux-modern-button-md aux-modern-button-normal aux-modern-button-default aux-icon-right\" href=\"https:\/\/feliszkowanails.pl\/?page_id=105\">\n                <div class=\"aux-overlay\"><\/div>\n                                    <div class=\"aux-icon \">\n                        <i aria-hidden=\"true\" class=\"auxicon2 auxicon2-arrow-thin-right\"><\/i>                    <\/div>\n                                <div class=\"aux-text\">\n<span class=\"aux-text-before\">Kontakt<\/span>                <\/div>\n            <\/a>\n            \n    <\/div>\n\n    \t\t\t\t<\/div>\n\t\t\t\t<\/div>\n\t\t\t\t<\/div>\n\t\t<div class=\"elementor-element elementor-element-825867c e-con-full e-flex e-con e-child\" data-id=\"825867c\" data-element_type=\"container\" data-settings=\"{&quot;background_background&quot;:&quot;classic&quot;}\">\n\t\t\t\t<div class=\"elementor-element elementor-element-d1bc2de elementor-widget__width-auto aux-appear-watch-animation aux-fade-in-left-2 elementor-widget elementor-widget-aux_image\" data-id=\"d1bc2de\" data-element_type=\"widget\" data-widget_type=\"aux_image.default\">\n\t\t\t\t<div class=\"elementor-widget-container\">\n\t\t\t\t\t<section class=\"widget-container aux-widget-image aux-alignnone aux-parent-au2d7676ca\">\n    <div class=\"aux-media-hint-frame \">\n        <div class=\"aux-media-image \" >\n        \n            \n\n            \n            <img fetchpriority=\"high\" decoding=\"async\" width=\"554\" height=\"624\" src=\"https:\/\/feliszkowanails.pl\/wp-content\/uploads\/2025\/07\/obraz_2025-07-21_005220769.png\" class=\"aux-attachment aux-featured-image aux-attachment-id-37\" alt=\"obraz_2025-07-21_005220769\" data-ratio=\"0.89\" data-original-w=\"554\" \/>            \n                <\/div>\n    <\/div>\n\n<\/section><!-- widget-container -->\t\t\t\t<\/div>\n\t\t\t\t<\/div>\n\t\t\t\t<\/div>\n\t\t\t\t\t<\/div>\n\t\t\t\t<\/div>\n\t\t<div class=\"aux-parallax-section elementor-element elementor-element-afb4e87 e-flex e-con-boxed e-con e-parent\" data-id=\"afb4e87\" data-element_type=\"container\">\n\t\t\t\t\t<div class=\"e-con-inner\">\n\t\t<div class=\"elementor-element elementor-element-b3789e2 e-con-full e-flex e-con e-child\" data-id=\"b3789e2\" data-element_type=\"container\">\n\t\t\t\t<div class=\"elementor-element elementor-element-7e813ec elementor-widget__width-auto aux-appear-watch-animation aux-fade-in-right-2 elementor-widget elementor-widget-aux_image\" data-id=\"7e813ec\" data-element_type=\"widget\" data-widget_type=\"aux_image.default\">\n\t\t\t\t<div class=\"elementor-widget-container\">\n\t\t\t\t\t<section class=\"widget-container aux-widget-image aux-alignnone aux-parent-au69caef63\">\n    <div class=\"aux-media-hint-frame \">\n        <div class=\"aux-media-image \" >\n        \n            \n\n            \n            <img decoding=\"async\" width=\"450\" height=\"400\" src=\"https:\/\/feliszkowanails.pl\/wp-content\/uploads\/2025\/07\/obraz_2025-07-21_010359823-450x400.png\" class=\"aux-attachment aux-featured-image aux-attachment-id-41\" alt=\"obraz_2025-07-21_010359823\" srcset=\"https:\/\/feliszkowanails.pl\/wp-content\/uploads\/2025\/07\/obraz_2025-07-21_010359823-150x133.png 150w,https:\/\/feliszkowanails.pl\/wp-content\/uploads\/2025\/07\/obraz_2025-07-21_010359823-300x267.png 300w,https:\/\/feliszkowanails.pl\/wp-content\/uploads\/2025\/07\/obraz_2025-07-21_010359823-450x400.png 450w\" data-ratio=\"1.13\" data-original-w=\"616\" sizes=\"(max-width:479px) 480px,(max-width:767px) 768px,(max-width:1023px) 1024px,450px\" \/>            \n                <\/div>\n    <\/div>\n\n<\/section><!-- widget-container -->\t\t\t\t<\/div>\n\t\t\t\t<\/div>\n\t\t\t\t<\/div>\n\t\t<div class=\"elementor-element elementor-element-58207b5 e-con-full e-flex e-con e-child\" data-id=\"58207b5\" data-element_type=\"container\">\n\t\t\t\t<div class=\"elementor-element elementor-element-52766b0 elementor-widget__width-auto aux-appear-watch-animation aux-fade-in-right-2 elementor-widget elementor-widget-aux_image\" data-id=\"52766b0\" data-element_type=\"widget\" data-widget_type=\"aux_image.default\">\n\t\t\t\t<div class=\"elementor-widget-container\">\n\t\t\t\t\t<section class=\"widget-container aux-widget-image aux-alignnone aux-parent-au556b033f\">\n    <div class=\"aux-media-hint-frame \">\n        <div class=\"aux-media-image \" >\n        \n            \n\n            \n            <img decoding=\"async\" width=\"450\" height=\"400\" src=\"https:\/\/feliszkowanails.pl\/wp-content\/uploads\/2025\/07\/obraz_2025-07-21_173131449-450x400.png\" class=\"aux-attachment aux-featured-image aux-attachment-id-125\" alt=\"obraz_2025-07-21_173131449\" srcset=\"https:\/\/feliszkowanails.pl\/wp-content\/uploads\/2025\/07\/obraz_2025-07-21_173131449-150x133.png 150w,https:\/\/feliszkowanails.pl\/wp-content\/uploads\/2025\/07\/obraz_2025-07-21_173131449-300x267.png 300w,https:\/\/feliszkowanails.pl\/wp-content\/uploads\/2025\/07\/obraz_2025-07-21_173131449-768x683.png 768w,https:\/\/feliszkowanails.pl\/wp-content\/uploads\/2025\/07\/obraz_2025-07-21_173131449-450x400.png 450w\" data-ratio=\"1.13\" data-original-w=\"870\" sizes=\"(max-width:479px) 480px,(max-width:767px) 768px,(max-width:1023px) 1024px,450px\" \/>            \n                <\/div>\n    <\/div>\n\n<\/section><!-- widget-container -->\t\t\t\t<\/div>\n\t\t\t\t<\/div>\n\t\t\t\t<\/div>\n\t\t<div class=\"elementor-element elementor-element-c738340 e-con-full e-flex e-con e-child\" data-id=\"c738340\" data-element_type=\"container\">\n\t\t\t\t<div class=\"elementor-element elementor-element-c952c33 elementor-widget__width-auto aux-appear-watch-animation aux-fade-in-right-2 elementor-widget elementor-widget-aux_image\" data-id=\"c952c33\" data-element_type=\"widget\" data-widget_type=\"aux_image.default\">\n\t\t\t\t<div class=\"elementor-widget-container\">\n\t\t\t\t\t<section class=\"widget-container aux-widget-image aux-alignnone aux-parent-aucb5810c5\">\n    <div class=\"aux-media-hint-frame \">\n        <div class=\"aux-media-image \" >\n        \n            \n\n            \n            <img loading=\"lazy\" decoding=\"async\" width=\"450\" height=\"400\" src=\"https:\/\/feliszkowanails.pl\/wp-content\/uploads\/2025\/07\/obraz_2025-07-21_173234061-450x400.png\" class=\"aux-attachment aux-featured-image aux-attachment-id-126\" alt=\"obraz_2025-07-21_173234061\" srcset=\"https:\/\/feliszkowanails.pl\/wp-content\/uploads\/2025\/07\/obraz_2025-07-21_173234061-150x133.png 150w,https:\/\/feliszkowanails.pl\/wp-content\/uploads\/2025\/07\/obraz_2025-07-21_173234061-300x267.png 300w,https:\/\/feliszkowanails.pl\/wp-content\/uploads\/2025\/07\/obraz_2025-07-21_173234061-768x683.png 768w,https:\/\/feliszkowanails.pl\/wp-content\/uploads\/2025\/07\/obraz_2025-07-21_173234061-450x400.png 450w\" data-ratio=\"1.13\" data-original-w=\"844\" sizes=\"(max-width:479px) 480px,(max-width:767px) 768px,(max-width:1023px) 1024px,450px\" \/>            \n                <\/div>\n    <\/div>\n\n<\/section><!-- widget-container -->\t\t\t\t<\/div>\n\t\t\t\t<\/div>\n\t\t\t\t<\/div>\n\t\t\t\t\t<\/div>\n\t\t\t\t<\/div>\n\t\t<div class=\"aux-parallax-section elementor-element elementor-element-9c42caf e-flex e-con-boxed e-con e-parent\" data-id=\"9c42caf\" data-element_type=\"container\">\n\t\t\t\t\t<div class=\"e-con-inner\">\n\t\t<div class=\"elementor-element elementor-element-1e634ee e-con-full e-flex e-con e-child\" data-id=\"1e634ee\" data-element_type=\"container\">\n\t\t\t\t<div class=\"elementor-element elementor-element-b2b3a86 aux-appear-watch-animation aux-fade-in-left-1 elementor-widget elementor-widget-aux_image\" data-id=\"b2b3a86\" data-element_type=\"widget\" data-widget_type=\"aux_image.default\">\n\t\t\t\t<div class=\"elementor-widget-container\">\n\t\t\t\t\t<section class=\"widget-container aux-widget-image aux-alignnone aux-parent-auc4dc73db\">\n    <div class=\"aux-media-hint-frame \">\n        <div class=\"aux-media-image \" >\n        \n            \n\n            \n            <img loading=\"lazy\" decoding=\"async\" width=\"1154\" height=\"1406\" src=\"https:\/\/feliszkowanails.pl\/wp-content\/uploads\/2025\/07\/5c147132-9b84-4928-b781-7bfa4cf5476c-1.jpeg\" class=\"aux-attachment aux-featured-image aux-attachment-id-235\" alt=\"5c147132-9b84-4928-b781-7bfa4cf5476c\" data-ratio=\"0.82\" data-original-w=\"1154\" \/>            \n                <\/div>\n    <\/div>\n\n<\/section><!-- widget-container -->\t\t\t\t<\/div>\n\t\t\t\t<\/div>\n\t\t\t\t<div class=\"elementor-element elementor-element-6a0cd58 aux-appear-watch-animation aux-fade-in-right elementor-widget elementor-widget-aux_simple_svg\" data-id=\"6a0cd58\" data-element_type=\"widget\" data-widget_type=\"aux_simple_svg.default\">\n\t\t\t\t<div class=\"elementor-widget-container\">\n\t\t\t\t\t    <div class=\"aux-widget-container aux-simple-svg-container\">\n        <div class=\"aux-widget-container-inner\">\n            <div class=\"aux-the-svg\"> <svg width=\"550\" height=\"750\">\n  <rect x=\"0\" y=\"0\" rx=\"0\" ry=\"0\" width=\"550\" height=\"750\" style=\"fill:#dce0fb;opacity:1\" \/>\n<\/svg> <\/div>\n        <\/div>\n    <\/div>\n    \t\t\t\t<\/div>\n\t\t\t\t<\/div>\n\t\t\t\t<\/div>\n\t\t<div class=\"elementor-element elementor-element-746de95 e-con-full e-flex e-con e-child\" data-id=\"746de95\" data-element_type=\"container\">\n\t\t\t\t<div class=\"elementor-element elementor-element-9c226d0 aux-appear-watch-animation aux-fade-in-right-2 elementor-widget elementor-widget-aux_modern_heading\" data-id=\"9c226d0\" data-element_type=\"widget\" data-widget_type=\"aux_modern_heading.default\">\n\t\t\t\t<div class=\"elementor-widget-container\">\n\t\t\t\t\t<section class=\"aux-widget-modern-heading\">\n            <div class=\"aux-widget-inner\"><h2 class=\"aux-modern-heading-primary\"><\/h2><h3 class=\"aux-modern-heading-secondary\"><span class=\"aux-head-highlight\">Nasz salon<\/span><\/h3><div class=\"aux-modern-heading-description\"><p>To miejsce, gdzie pasja do pi\u0119kna \u0142\u0105czy si\u0119 z profesjonalizmem i dba\u0142o\u015bci\u0105 o ka\u017cdy detal. Oferujemy stylowe manicure i pedicure w przyjaznej atmosferze, dzi\u0119ki czemu ka\u017cda wizyta staje si\u0119 chwil\u0105 relaksu<\/p><\/div><\/div>\n        <\/section>\t\t\t\t<\/div>\n\t\t\t\t<\/div>\n\t\t\t\t<div class=\"elementor-element elementor-element-aa04cc8 elementor-widget__width-auto aux-appear-watch-animation aux-fade-in-up-2 elementor-widget elementor-widget-aux_modern_button\" data-id=\"aa04cc8\" data-element_type=\"widget\" data-widget_type=\"aux_modern_button.default\">\n\t\t\t\t<div class=\"elementor-widget-container\">\n\t\t\t\t\t    <div class=\"aux-modern-button-wrapper aux-modern-button-align-left\" >\n                    <a class=\"aux-modern-button aux-black aux-modern-button-md aux-modern-button-normal aux-modern-button-default aux-icon-right\">\n                <div class=\"aux-overlay\"><\/div>\n                                    <div class=\"aux-icon \">\n                        <i aria-hidden=\"true\" class=\"auxicon2 auxicon2-arrow-thin-right\"><\/i>                    <\/div>\n                                <div class=\"aux-text\">\n<span class=\"aux-text-before\">Galeria<\/span>                <\/div>\n            <\/a>\n            \n    <\/div>\n\n    \t\t\t\t<\/div>\n\t\t\t\t<\/div>\n\t\t\t\t<\/div>\n\t\t\t\t\t<\/div>\n\t\t\t\t<\/div>\n\t\t\t\t<\/div>\n\t\t","protected":false},"excerpt":{"rendered":"<p>Um\u00f3w si\u0119 Na wymarzone paznokcie Kontakt Nasz salon To miejsce, gdzie pasja do pi\u0119kna \u0142\u0105czy si\u0119 z profesjonalizmem i dba\u0142o\u015bci\u0105 o ka\u017cdy detal. Oferujemy stylowe manicure i pedicure w przyjaznej atmosferze, dzi\u0119ki czemu ka\u017cda wizyta staje si\u0119 chwil\u0105 relaksu Galeria<\/p>\n","protected":false},"author":1,"featured_media":0,"parent":0,"menu_order":0,"comment_status":"closed","ping_status":"closed","template":"templates\/page-builder-content.php","meta":{"footnotes":""},"class_list":["post-109","page","type-page","status-publish","hentry"],"_links":{"self":[{"href":"https:\/\/feliszkowanails.pl\/index.php?rest_route=\/wp\/v2\/pages\/109","targetHints":{"allow":["GET"]}}],"collection":[{"href":"https:\/\/feliszkowanails.pl\/index.php?rest_route=\/wp\/v2\/pages"}],"about":[{"href":"https:\/\/feliszkowanails.pl\/index.php?rest_route=\/wp\/v2\/types\/page"}],"author":[{"embeddable":true,"href":"https:\/\/feliszkowanails.pl\/index.php?rest_route=\/wp\/v2\/users\/1"}],"replies":[{"embeddable":true,"href":"https:\/\/feliszkowanails.pl\/index.php?rest_route=%2Fwp%2Fv2%2Fcomments&post=109"}],"version-history":[{"count":27,"href":"https:\/\/feliszkowanails.pl\/index.php?rest_route=\/wp\/v2\/pages\/109\/revisions"}],"predecessor-version":[{"id":238,"href":"https:\/\/feliszkowanails.pl\/index.php?rest_route=\/wp\/v2\/pages\/109\/revisions\/238"}],"wp:attachment":[{"href":"https:\/\/feliszkowanails.pl\/index.php?rest_route=%2Fwp%2Fv2%2Fmedia&parent=109"}],"curies":[{"name":"wp","href":"https:\/\/api.w.org\/{rel}","templated":true}]}}